{"id":148,"date":"2023-03-14T19:22:40","date_gmt":"2023-03-14T19:22:40","guid":{"rendered":"https:\/\/jirivalasek.com\/?page_id=148"},"modified":"2023-10-07T06:32:41","modified_gmt":"2023-10-07T06:32:41","slug":"o-mne","status":"publish","type":"page","link":"https:\/\/jirivalasek.com\/?page_id=148","title":{"rendered":"O MN\u011a"},"content":{"rendered":"\t\t<div data-elementor-type=\"wp-page\" data-elementor-id=\"148\" class=\"elementor elementor-148\">\n\t\t\t\t\t\t<section class=\"elementor-section elementor-top-section elementor-element elementor-element-070489f elementor-section-boxed elementor-section-height-default elementor-section-height-default\" data-id=\"070489f\" data-element_type=\"section\" data-e-type=\"section\">\n\t\t\t\t\t\t<div class=\"elementor-container elementor-column-gap-default\">\n\t\t\t\t\t<div class=\"elementor-column elementor-col-100 elementor-top-column elementor-element elementor-element-1e483ec\" data-id=\"1e483ec\" data-element_type=\"column\" data-e-type=\"column\">\n\t\t\t<div class=\"elementor-widget-wrap elementor-element-populated\">\n\t\t\t\t\t\t<section class=\"elementor-section elementor-inner-section elementor-element elementor-element-03e3c34 elementor-section-boxed elementor-section-height-default elementor-section-height-default\" data-id=\"03e3c34\" data-element_type=\"section\" data-e-type=\"section\">\n\t\t\t\t\t\t<div class=\"elementor-container elementor-column-gap-default\">\n\t\t\t\t\t<div class=\"elementor-column elementor-col-100 elementor-inner-column elementor-element elementor-element-1f5372f\" data-id=\"1f5372f\" data-element_type=\"column\" data-e-type=\"column\">\n\t\t\t<div class=\"elementor-widget-wrap elementor-element-populated\">\n\t\t\t\t\t\t<div class=\"elementor-element elementor-element-94a21b8 elementor-widget elementor-widget-text-editor\" data-id=\"94a21b8\" data-element_type=\"widget\" data-e-type=\"widget\" data-widget_type=\"text-editor.default\">\n\t\t\t\t<div class=\"elementor-widget-container\">\n\t\t\t\t\t\t\t\t\t<p><strong>Vzd\u011bl\u00e1n\u00ed:<\/strong><\/p><ul><li>Warsaw Management University<\/li><li>Vysok\u00e1 \u0161kola zem\u011bd\u011blsk\u00e1 v Praze<\/li><\/ul><p><strong>\u00a0<\/strong><\/p><p><strong>Jazyky:<\/strong><\/p><ul><li>Anglick\u00fd<\/li><li>N\u011bmeck\u00fd<\/li><\/ul><p><strong>\u00a0<\/strong><\/p><p><strong>Dovednosti:<\/strong><\/p><ul><li>Python<\/li><li>SQL<\/li><li>Pandas<\/li><li>Jupyter<\/li><li>DBeaver<\/li><li>PowerBI<\/li><\/ul>\t\t\t\t\t\t\t\t<\/div>\n\t\t\t\t<\/div>\n\t\t\t\t\t<\/div>\n\t\t<\/div>\n\t\t\t\t\t<\/div>\n\t\t<\/section>\n\t\t\t\t\t<\/div>\n\t\t<\/div>\n\t\t\t\t\t<\/div>\n\t\t<\/section>\n\t\t\t\t<section class=\"elementor-section elementor-top-section elementor-element elementor-element-5e24dd1 elementor-section-boxed elementor-section-height-default elementor-section-height-default\" data-id=\"5e24dd1\" data-element_type=\"section\" data-e-type=\"section\">\n\t\t\t\t\t\t<div class=\"elementor-container elementor-column-gap-default\">\n\t\t\t\t\t<div class=\"elementor-column elementor-col-100 elementor-top-column elementor-element elementor-element-8d5a3f3\" data-id=\"8d5a3f3\" data-element_type=\"column\" data-e-type=\"column\">\n\t\t\t<div class=\"elementor-widget-wrap elementor-element-populated\">\n\t\t\t\t\t\t<section class=\"elementor-section elementor-inner-section elementor-element elementor-element-2c1c05f elementor-section-boxed elementor-section-height-default elementor-section-height-default\" data-id=\"2c1c05f\" data-element_type=\"section\" data-e-type=\"section\">\n\t\t\t\t\t\t<div class=\"elementor-container elementor-column-gap-default\">\n\t\t\t\t\t<div class=\"elementor-column elementor-col-100 elementor-inner-column elementor-element elementor-element-c7da4e2\" data-id=\"c7da4e2\" data-element_type=\"column\" data-e-type=\"column\">\n\t\t\t<div class=\"elementor-widget-wrap elementor-element-populated\">\n\t\t\t\t\t\t<div class=\"elementor-element elementor-element-cb9fd7c elementor-widget elementor-widget-text-editor\" data-id=\"cb9fd7c\" data-element_type=\"widget\" data-e-type=\"widget\" data-widget_type=\"text-editor.default\">\n\t\t\t\t<div class=\"elementor-widget-container\">\n\t\t\t\t\t\t\t\t\t<p>Modern\u00ed techniky umo\u017e\u0148uj\u00ed manipulace s daty, pokro\u010dil\u00e9 statistick\u00e9 anal\u00fdzy, vizualizace a mnoho dal\u0161\u00edho. J\u00e1 r\u00e1d, mimo jin\u00e9, z\u00edsk\u00e1v\u00e1m z dat souvislosti a trendy, kter\u00e9 jsou jednodu\u0161e aplikovateln\u00e9 na \u017eivot. Pro m\u011b jsou to \u201edata pro \u017eivot\u201c. V\u017edy se sna\u017e\u00edm naj\u00edt zp\u016fsob, jak propojit z\u00e1jmy a schopnosti s povol\u00e1n\u00edm, aby pr\u00e1ce p\u0159in\u00e1\u0161ela co nejv\u011bt\u0161\u00ed uspokojen\u00ed.<\/p>\t\t\t\t\t\t\t\t<\/div>\n\t\t\t\t<\/div>\n\t\t\t\t\t<\/div>\n\t\t<\/div>\n\t\t\t\t\t<\/div>\n\t\t<\/section>\n\t\t\t\t\t<\/div>\n\t\t<\/div>\n\t\t\t\t\t<\/div>\n\t\t<\/section>\n\t\t\t\t<\/div>\n\t\t","protected":false},"excerpt":{"rendered":"<p>Vzd\u011bl\u00e1n\u00ed: Warsaw Management University Vysok\u00e1 \u0161kola zem\u011bd\u011blsk\u00e1 v Praze \u00a0 Jazyky: Anglick\u00fd N\u011bmeck\u00fd \u00a0 Dovednosti: Python SQL Pandas Jupyter DBeaver PowerBI Modern\u00ed techniky umo\u017e\u0148uj\u00ed manipulace s daty, pokro\u010dil\u00e9 statistick\u00e9 anal\u00fdzy, vizualizace a mnoho dal\u0161\u00edho. J\u00e1 r\u00e1d, mimo jin\u00e9, z\u00edsk\u00e1v\u00e1m z dat souvislosti a trendy, kter\u00e9 jsou jednodu\u0161e aplikovateln\u00e9 na \u017eivot. Pro m\u011b jsou to \u201edata [&hellip;]<\/p>\n","protected":false},"author":1,"featured_media":0,"parent":0,"menu_order":0,"comment_status":"closed","ping_status":"closed","template":"","meta":{"footnotes":""},"class_list":["post-148","page","type-page","status-publish","hentry"],"yoast_head":"<!-- This site is optimized with the Yoast SEO plugin v27.5 - https:\/\/yoast.com\/product\/yoast-seo-wordpress\/ -->\n<title>O MN\u011a - DATASYNTHIQ - Ji\u0159\u00ed Val\u00e1\u0161ek<\/title>\n<meta name=\"robots\" content=\"index, follow, max-snippet:-1, max-image-preview:large, max-video-preview:-1\" \/>\n<link rel=\"canonical\" href=\"https:\/\/jirivalasek.com\/?page_id=148\" \/>\n<meta property=\"og:locale\" content=\"en_US\" \/>\n<meta property=\"og:type\" content=\"article\" \/>\n<meta property=\"og:title\" content=\"O MN\u011a - DATASYNTHIQ - Ji\u0159\u00ed Val\u00e1\u0161ek\" \/>\n<meta property=\"og:description\" content=\"Vzd\u011bl\u00e1n\u00ed: Warsaw Management University Vysok\u00e1 \u0161kola zem\u011bd\u011blsk\u00e1 v Praze \u00a0 Jazyky: Anglick\u00fd N\u011bmeck\u00fd \u00a0 Dovednosti: Python SQL Pandas Jupyter DBeaver PowerBI Modern\u00ed techniky umo\u017e\u0148uj\u00ed manipulace s daty, pokro\u010dil\u00e9 statistick\u00e9 anal\u00fdzy, vizualizace a mnoho dal\u0161\u00edho. J\u00e1 r\u00e1d, mimo jin\u00e9, z\u00edsk\u00e1v\u00e1m z dat souvislosti a trendy, kter\u00e9 jsou jednodu\u0161e aplikovateln\u00e9 na \u017eivot. Pro m\u011b jsou to \u201edata [&hellip;]\" \/>\n<meta property=\"og:url\" content=\"https:\/\/jirivalasek.com\/?page_id=148\" \/>\n<meta property=\"og:site_name\" content=\"DATASYNTHIQ - Ji\u0159\u00ed Val\u00e1\u0161ek\" \/>\n<meta property=\"article:modified_time\" content=\"2023-10-07T06:32:41+00:00\" \/>\n<meta name=\"twitter:card\" content=\"summary_large_image\" \/>\n<meta name=\"twitter:label1\" content=\"Est. reading time\" \/>\n\t<meta name=\"twitter:data1\" content=\"1 minute\" \/>\n<script type=\"application\/ld+json\" class=\"yoast-schema-graph\">{\"@context\":\"https:\\\/\\\/schema.org\",\"@graph\":[{\"@type\":\"WebPage\",\"@id\":\"https:\\\/\\\/jirivalasek.com\\\/?page_id=148\",\"url\":\"https:\\\/\\\/jirivalasek.com\\\/?page_id=148\",\"name\":\"O MN\u011a - DATASYNTHIQ - Ji\u0159\u00ed Val\u00e1\u0161ek\",\"isPartOf\":{\"@id\":\"https:\\\/\\\/jirivalasek.com\\\/#website\"},\"datePublished\":\"2023-03-14T19:22:40+00:00\",\"dateModified\":\"2023-10-07T06:32:41+00:00\",\"breadcrumb\":{\"@id\":\"https:\\\/\\\/jirivalasek.com\\\/?page_id=148#breadcrumb\"},\"inLanguage\":\"en-US\",\"potentialAction\":[{\"@type\":\"ReadAction\",\"target\":[\"https:\\\/\\\/jirivalasek.com\\\/?page_id=148\"]}]},{\"@type\":\"BreadcrumbList\",\"@id\":\"https:\\\/\\\/jirivalasek.com\\\/?page_id=148#breadcrumb\",\"itemListElement\":[{\"@type\":\"ListItem\",\"position\":1,\"name\":\"Home\",\"item\":\"https:\\\/\\\/jirivalasek.com\\\/\"},{\"@type\":\"ListItem\",\"position\":2,\"name\":\"O MN\u011a\"}]},{\"@type\":\"WebSite\",\"@id\":\"https:\\\/\\\/jirivalasek.com\\\/#website\",\"url\":\"https:\\\/\\\/jirivalasek.com\\\/\",\"name\":\"DATASYNTHIQ - Ji\u0159\u00ed Val\u00e1\u0161ek\",\"description\":\"Mgr. Ji\u0159\u00ed Val\u00e1\u0161ek\",\"publisher\":{\"@id\":\"https:\\\/\\\/jirivalasek.com\\\/#organization\"},\"potentialAction\":[{\"@type\":\"SearchAction\",\"target\":{\"@type\":\"EntryPoint\",\"urlTemplate\":\"https:\\\/\\\/jirivalasek.com\\\/?s={search_term_string}\"},\"query-input\":{\"@type\":\"PropertyValueSpecification\",\"valueRequired\":true,\"valueName\":\"search_term_string\"}}],\"inLanguage\":\"en-US\"},{\"@type\":\"Organization\",\"@id\":\"https:\\\/\\\/jirivalasek.com\\\/#organization\",\"name\":\"DATASYNTHIQ - Ji\u0159\u00ed Val\u00e1\u0161ek\",\"url\":\"https:\\\/\\\/jirivalasek.com\\\/\",\"logo\":{\"@type\":\"ImageObject\",\"inLanguage\":\"en-US\",\"@id\":\"https:\\\/\\\/jirivalasek.com\\\/#\\\/schema\\\/logo\\\/image\\\/\",\"url\":\"https:\\\/\\\/i0.wp.com\\\/jirivalasek.com\\\/wp-content\\\/uploads\\\/2023\\\/03\\\/brandmark-design-5.png?fit=2742%2C1140&ssl=1\",\"contentUrl\":\"https:\\\/\\\/i0.wp.com\\\/jirivalasek.com\\\/wp-content\\\/uploads\\\/2023\\\/03\\\/brandmark-design-5.png?fit=2742%2C1140&ssl=1\",\"width\":2742,\"height\":1140,\"caption\":\"DATASYNTHIQ - Ji\u0159\u00ed Val\u00e1\u0161ek\"},\"image\":{\"@id\":\"https:\\\/\\\/jirivalasek.com\\\/#\\\/schema\\\/logo\\\/image\\\/\"}}]}<\/script>\n<!-- \/ Yoast SEO plugin. -->","yoast_head_json":{"title":"O MN\u011a - DATASYNTHIQ - Ji\u0159\u00ed Val\u00e1\u0161ek","robots":{"index":"index","follow":"follow","max-snippet":"max-snippet:-1","max-image-preview":"max-image-preview:large","max-video-preview":"max-video-preview:-1"},"canonical":"https:\/\/jirivalasek.com\/?page_id=148","og_locale":"en_US","og_type":"article","og_title":"O MN\u011a - DATASYNTHIQ - Ji\u0159\u00ed Val\u00e1\u0161ek","og_description":"Vzd\u011bl\u00e1n\u00ed: Warsaw Management University Vysok\u00e1 \u0161kola zem\u011bd\u011blsk\u00e1 v Praze \u00a0 Jazyky: Anglick\u00fd N\u011bmeck\u00fd \u00a0 Dovednosti: Python SQL Pandas Jupyter DBeaver PowerBI Modern\u00ed techniky umo\u017e\u0148uj\u00ed manipulace s daty, pokro\u010dil\u00e9 statistick\u00e9 anal\u00fdzy, vizualizace a mnoho dal\u0161\u00edho. J\u00e1 r\u00e1d, mimo jin\u00e9, z\u00edsk\u00e1v\u00e1m z dat souvislosti a trendy, kter\u00e9 jsou jednodu\u0161e aplikovateln\u00e9 na \u017eivot. Pro m\u011b jsou to \u201edata [&hellip;]","og_url":"https:\/\/jirivalasek.com\/?page_id=148","og_site_name":"DATASYNTHIQ - Ji\u0159\u00ed Val\u00e1\u0161ek","article_modified_time":"2023-10-07T06:32:41+00:00","twitter_card":"summary_large_image","twitter_misc":{"Est. reading time":"1 minute"},"schema":{"@context":"https:\/\/schema.org","@graph":[{"@type":"WebPage","@id":"https:\/\/jirivalasek.com\/?page_id=148","url":"https:\/\/jirivalasek.com\/?page_id=148","name":"O MN\u011a - DATASYNTHIQ - Ji\u0159\u00ed Val\u00e1\u0161ek","isPartOf":{"@id":"https:\/\/jirivalasek.com\/#website"},"datePublished":"2023-03-14T19:22:40+00:00","dateModified":"2023-10-07T06:32:41+00:00","breadcrumb":{"@id":"https:\/\/jirivalasek.com\/?page_id=148#breadcrumb"},"inLanguage":"en-US","potentialAction":[{"@type":"ReadAction","target":["https:\/\/jirivalasek.com\/?page_id=148"]}]},{"@type":"BreadcrumbList","@id":"https:\/\/jirivalasek.com\/?page_id=148#breadcrumb","itemListElement":[{"@type":"ListItem","position":1,"name":"Home","item":"https:\/\/jirivalasek.com\/"},{"@type":"ListItem","position":2,"name":"O MN\u011a"}]},{"@type":"WebSite","@id":"https:\/\/jirivalasek.com\/#website","url":"https:\/\/jirivalasek.com\/","name":"DATASYNTHIQ - Ji\u0159\u00ed Val\u00e1\u0161ek","description":"Mgr. Ji\u0159\u00ed Val\u00e1\u0161ek","publisher":{"@id":"https:\/\/jirivalasek.com\/#organization"},"potentialAction":[{"@type":"SearchAction","target":{"@type":"EntryPoint","urlTemplate":"https:\/\/jirivalasek.com\/?s={search_term_string}"},"query-input":{"@type":"PropertyValueSpecification","valueRequired":true,"valueName":"search_term_string"}}],"inLanguage":"en-US"},{"@type":"Organization","@id":"https:\/\/jirivalasek.com\/#organization","name":"DATASYNTHIQ - Ji\u0159\u00ed Val\u00e1\u0161ek","url":"https:\/\/jirivalasek.com\/","logo":{"@type":"ImageObject","inLanguage":"en-US","@id":"https:\/\/jirivalasek.com\/#\/schema\/logo\/image\/","url":"https:\/\/i0.wp.com\/jirivalasek.com\/wp-content\/uploads\/2023\/03\/brandmark-design-5.png?fit=2742%2C1140&ssl=1","contentUrl":"https:\/\/i0.wp.com\/jirivalasek.com\/wp-content\/uploads\/2023\/03\/brandmark-design-5.png?fit=2742%2C1140&ssl=1","width":2742,"height":1140,"caption":"DATASYNTHIQ - Ji\u0159\u00ed Val\u00e1\u0161ek"},"image":{"@id":"https:\/\/jirivalasek.com\/#\/schema\/logo\/image\/"}}]}},"jetpack_sharing_enabled":true,"_links":{"self":[{"href":"https:\/\/jirivalasek.com\/index.php?rest_route=\/wp\/v2\/pages\/148","targetHints":{"allow":["GET"]}}],"collection":[{"href":"https:\/\/jirivalasek.com\/index.php?rest_route=\/wp\/v2\/pages"}],"about":[{"href":"https:\/\/jirivalasek.com\/index.php?rest_route=\/wp\/v2\/types\/page"}],"author":[{"embeddable":true,"href":"https:\/\/jirivalasek.com\/index.php?rest_route=\/wp\/v2\/users\/1"}],"replies":[{"embeddable":true,"href":"https:\/\/jirivalasek.com\/index.php?rest_route=%2Fwp%2Fv2%2Fcomments&post=148"}],"version-history":[{"count":59,"href":"https:\/\/jirivalasek.com\/index.php?rest_route=\/wp\/v2\/pages\/148\/revisions"}],"predecessor-version":[{"id":991,"href":"https:\/\/jirivalasek.com\/index.php?rest_route=\/wp\/v2\/pages\/148\/revisions\/991"}],"wp:attachment":[{"href":"https:\/\/jirivalasek.com\/index.php?rest_route=%2Fwp%2Fv2%2Fmedia&parent=148"}],"curies":[{"name":"wp","href":"https:\/\/api.w.org\/{rel}","templated":true}]}}